{"id":13,"date":"2025-05-28T10:32:45","date_gmt":"2025-05-28T08:32:45","guid":{"rendered":"https:\/\/ww3.sv-kutenholz.de\/?page_id=13"},"modified":"2026-03-18T21:51:44","modified_gmt":"2026-03-18T20:51:44","slug":"termine","status":"publish","type":"page","link":"https:\/\/sv-kutenholz.de\/news\/termine\/","title":{"rendered":"Termine"},"content":{"rendered":"\n<div class=\"wp-block-buttons is-layout-flex wp-block-buttons-is-layout-flex\">\n<div class=\"wp-block-button\"><a class=\"wp-block-button__link has-background has-large-font-size has-custom-font-size wp-element-button\" href=\"https:\/\/ww3.sv-kutenholz.de\/events\/\" style=\"background-color:#416742\">zum Kalender<\/a><\/div>\n<\/div>\n\n\n\n<figure class=\"wp-block-table alignwide is-style-stripes\"><table class=\"has-fixed-layout\"><tbody><tr><td colspan=\"2\"><strong>Terminplan f\u00fcr 2026&nbsp;&#8211; Sch\u00fctzenverein Kutenholz<\/strong><\/td><td>&nbsp;<\/td><td>&nbsp;<\/td><\/tr><tr><td><strong>Datum<\/strong><\/td><td><strong>Veranstaltung<\/strong><\/td><td><strong>Uhrzeit<\/strong><\/td><td><strong>Veranstaltungsort<\/strong><\/td><\/tr><tr><td>08.02.2026<\/td><td>Kinderfasching<\/td><td>ab 13:30 Uhr<\/td><td>Festhalle Kutenholz<\/td><\/tr><tr><td>21.02.2026<\/td><td>Kinderdisco<\/td><td>16:00 &#8211; 19:00 Uhr<\/td><td>Festhalle Kutenholz<\/td><\/tr><tr><td>21.02.2026<\/td><td>Jungsch\u00fctzenparty f\u00fcr Jedermann<\/td><td>ab 20:00 Uhr<\/td><td>Festhalle Kutenholz<\/td><\/tr><tr><td>28.02.2026<\/td><td>Fr\u00fchlingsschie\u00dfen<\/td><td>ab 17:00 Uhr<\/td><td>Schie\u00dfstand Kutenholz<\/td><\/tr><tr><td>07.03.2026<\/td><td>Samtgemeinde-K\u00f6nigsball<\/td><td>ab 20:00 Uhr<\/td><td>Deutsches Haus Mulsum<\/td><\/tr><tr><td>13.03.2026<\/td><td>Generalversammlung<\/td><td>ab 20:00 Uhr<\/td><td>Schie\u00dfstand Kutenholz<\/td><\/tr><tr><td>20.03.2026<\/td><td>Kneipenquiz<\/td><td>ab 19:00 Uhr<\/td><td>Schie\u00dfstand Kutenholz<\/td><\/tr><tr><td>26.04.2026<\/td><td>Stra\u00dfen-Pokal-Schie\u00dfen<\/td><td>10:00 &#8211; 17:00 Uhr<\/td><td>Schie\u00dfstand Kutenholz<\/td><\/tr><tr><td>08.06.2026<\/td><td>Arbeitsdienst zum Sch\u00fctzenfest<\/td><td>ab 18:00 Uhr<\/td><td>Schie\u00dfstand Kutenholz<\/td><\/tr><tr><td>12.06.2026<\/td><td>ER+SIE-Schie\u00dfen, Betriebs- und Clubschie\u00dfen<\/td><td>17:00 &#8211; 22:00 Uhr<\/td><td>Schie\u00dfstand Kutenholz<\/td><\/tr><tr><td>13.06.2026<\/td><td>Festumzug mit Abholung der K\u00f6nigin und Kranzniederlegung<\/td><td>11:30<\/td><td>Festhalle Kutenholz<\/td><\/tr><tr><td>13.06.2026<\/td><td>Fr\u00fch\/-Sp\u00e4tschoppen mit Blasmusik<\/td><td>ab 13:00 Uhr<\/td><td>Heimathaus Kutenholz<\/td><\/tr><tr><td>14.06.2026<\/td><td>Fr\u00fchschoppen zum Sch\u00fctzenfest<\/td><td>10:00 &#8211; 13:00 Uhr <\/td><td>Schie\u00dfstand Kutenholz<\/td><\/tr><tr><td>15.06.2026<\/td><td>Arbeitsdienst &#8211; bei Bedarf<\/td><td>ab 18:00 Uhr<\/td><td>Schie\u00dfstand Kutenholz<\/td><\/tr><tr><td>16.06.2026<\/td><td>KK-Pokalschie\u00dfen f\u00fcr ausw\u00e4rtige Mannschaften<\/td><td>18:00 Uhr &#8211; 21:00 Uhr<\/td><td>Schie\u00dfstand Kutenholz<\/td><\/tr><tr><td>19.06.2026<\/td><td>Festumzug mit Abholung des K\u00f6nigs<\/td><td>18:00 Uhr<\/td><td>Festhalle Kutenholz<\/td><\/tr><tr><td>19.06.2026<\/td><td>Kommersabend f\u00fcr Jedermann<\/td><td>20:00 Uhr<\/td><td>Festhalle Kutenholz<\/td><\/tr><tr><td>20.06.2026<\/td><td>K\u00f6nigsessen und Gru\u00dfworte der G\u00e4ste<\/td><td>12:00 Uhr<\/td><td>Festhalle Kutenholz<\/td><\/tr><tr><td>20.06.2026<\/td><td>Schie\u00dfen auf Preise und W\u00fcrden sowie Kindersch\u00fctzenfest<\/td><td>14:30 bis 17:00 Uhr<\/td><td>Festhalle und Schie\u00dfstand Kutenholz<\/td><\/tr><tr><td>20.06.2026<\/td><td>Festball f\u00fcr Jedermann mit Live-Band<\/td><td>ab 20:00 Uhr<\/td><td>Festhalle Kutenholz<\/td><\/tr><tr><td>21.06.2026<\/td><td>Gro\u00dfer Festumzug als Sternmarsch<\/td><td>12:00 Uhr<\/td><td>Festhalle Kutenholz<\/td><\/tr><tr><td>21.06.2026<\/td><td>Sch\u00fctzenfest<\/td><td>14:00 Uhr<\/td><td>Festhalle Kutenholz<\/td><\/tr><tr><td>21.06.2026<\/td><td>Proklamation der Kinderw\u00fcrdentr\u00e4ger<\/td><td>16:00 Uhr<\/td><td>Festhalle Kutenholz<\/td><\/tr><tr><td>21.06.2026<\/td><td>Sch\u00fctzenfestparty f\u00fcr Jedermann mit Proklamation der neuen W\u00fcrdentr\u00e4ger<\/td><td>ab 18:30<\/td><td>Festhalle Kutenholz<\/td><\/tr><tr><td>26.06.2026<\/td><td>Preisverteilung vom Sch\u00fctzenfest<\/td><td>ab 20:00 Uhr<\/td><td>Schie\u00dfstand Kutenholz<\/td><\/tr><tr><td>12.08.2026<\/td><td>Vereinsmeisterschaft Kleinkaliber<\/td><td>19:00 &#8211; 21:00 Uhr<\/td><td>Schie\u00dfstand Kutenholz<\/td><\/tr><tr><td>19.08.2026<\/td><td>Vereinsmeisterschaft Kleinkaliber<\/td><td>19:00 &#8211; 21:00 Uhr<\/td><td>Schie\u00dfstand Kutenholz<\/td><\/tr><tr><td>26.08.2026<\/td><td>Vereinsmeisterschaft Kleinkaliber<\/td><td>19:00 &#8211; 21:00 Uhr<\/td><td>Schie\u00dfstand Kutenholz<\/td><\/tr><tr><td>06.09.2026<\/td><td>Abschlussschie\u00dfen<\/td><td>ab 13:00 Uhr<\/td><td>Schie\u00dfstand Kutenholz<\/td><\/tr><tr><td>13.09.2026<\/td><td>Samtgemeindeschie\u00dfen<\/td><td>ab 10:00 Uhr<\/td><td>Schie\u00dfstand Kutenholz<\/td><\/tr><tr><td>13.09.2026<\/td><td>Proklamation Mannschaften, Pokale und Einzelergebnisse<\/td><td>ab 16:00 Uhr<\/td><td>Schie\u00dfstand Kutenholz<\/td><\/tr><tr><td>19.09.2026<\/td><td>Samtgemeindek\u00f6nigsball mit Proklamation der Samtgemeindew\u00fcrdentr\u00e4ger<\/td><td>ab 20:00 Uhr<\/td><td>Festhalle Kutenholz<\/td><\/tr><tr><td>tba<\/td><td>NEBS Schie\u00dfen<\/td><td>&nbsp;<\/td><td>&nbsp;<\/td><\/tr><tr><td>tba<\/td><td>NEBS Schie\u00dfen<\/td><td>&nbsp;<\/td><td>&nbsp;<\/td><\/tr><tr><td>26.09.2026<\/td><td>NEBS Festball<\/td><td>ab 18:30<\/td><td>tba<\/td><\/tr><tr><td>03.10.2026<\/td><td>Bo\u00dfeln<\/td><td>ab 11:00 Uhr<\/td><td>Schie\u00dfstand Kutenholz<\/td><\/tr><tr><td>24.10.2026<\/td><td>Knobeln<\/td><td>ab 19:00 Uhr<\/td><td>Schie\u00dfstand Kutenholz<\/td><\/tr><tr><td>04.11.2026<\/td><td>Vereinsmeisterschaften LG+LP<\/td><td>19:00 &#8211; 21:00 Uhr<\/td><td>Schie\u00dfstand Kutenholz<\/td><\/tr><tr><td>11.11.2026<\/td><td>Vereinsmeisterschaften LG+LP<\/td><td>19:00 &#8211; 21:00 Uhr<\/td><td>Schie\u00dfstand Kutenholz<\/td><\/tr><tr><td>15.11.2026<\/td><td>Volkstrauertag<\/td><td>ab 10:00 Uhr<\/td><td>Kirche Mulsum Schie\u00dfstand Kutenholz<\/td><\/tr><tr><td>18.11.2026<\/td><td>Vereinsmeisterschaften LG+LP<\/td><td>19:00 &#8211; 21:00 Uhr<\/td><td>Schie\u00dfstand Kutenholz<\/td><\/tr><tr><td>28.11.2026<\/td><td>Weihnachtsmarkt in Kutenholz<\/td><td> ab 14:00 Uhr<\/td><td>Heimathausgel\u00e4nde Kutenholz<\/td><\/tr><tr><td>06.12.2026<\/td><td>Adventsnachmittag<\/td><td>ab 15:00 Uhr<\/td><td>Schie\u00dfstand Kutenholz<\/td><\/tr><\/tbody><\/table><\/figure>\n\n\n\n<h2 class=\"wp-block-heading alignwide\"><a href=\"http:\/\/ww3.sv-kutenholz.de\/wp-content\/uploads\/2025\/05\/erziehungsbeauftragung_jungschuetzenball.pdf\">Erziehungsbeauftragung (&#8222;Muttti-Zettel&#8220;)[PDF]<\/a><\/h2>\n","protected":false},"excerpt":{"rendered":"<p>Terminplan f\u00fcr 2026&nbsp;&#8211; Sch\u00fctzenverein Kutenholz &nbsp; &nbsp; Datum Veranstaltung Uhrzeit Veranstaltungsort 08.02.2026 Kinderfasching ab 13:30 Uhr Festhalle Kutenholz 21.02.2026 Kinderdisco 16:00 &#8211; 19:00 Uhr Festhalle Kutenholz 21.02.2026 Jungsch\u00fctzenparty f\u00fcr Jedermann [&hellip;]<\/p>\n","protected":false},"author":1,"featured_media":0,"parent":0,"menu_order":0,"comment_status":"closed","ping_status":"closed","template":"","meta":{"_EventAllDay":false,"_EventTimezone":"","_EventStartDate":"","_EventEndDate":"","_EventStartDateUTC":"","_EventEndDateUTC":"","_EventShowMap":false,"_EventShowMapLink":false,"_EventURL":"","_EventCost":"","_EventCostDescription":"","_EventCurrencySymbol":"","_EventCurrencyCode":"","_EventCurrencyPosition":"","_EventDateTimeSeparator":"","_EventTimeRangeSeparator":"","_EventOrganizerID":[],"_EventVenueID":[],"_OrganizerEmail":"","_OrganizerPhone":"","_OrganizerWebsite":"","_VenueAddress":"","_VenueCity":"","_VenueCountry":"","_VenueProvince":"","_VenueState":"","_VenueZip":"","_VenuePhone":"","_VenueURL":"","_VenueStateProvince":"","_VenueLat":"","_VenueLng":"","_VenueShowMap":false,"_VenueShowMapLink":false,"footnotes":""},"class_list":["post-13","page","type-page","status-publish","hentry"],"_links":{"self":[{"href":"https:\/\/sv-kutenholz.de\/news\/wp-json\/wp\/v2\/pages\/13","targetHints":{"allow":["GET"]}}],"collection":[{"href":"https:\/\/sv-kutenholz.de\/news\/wp-json\/wp\/v2\/pages"}],"about":[{"href":"https:\/\/sv-kutenholz.de\/news\/wp-json\/wp\/v2\/types\/page"}],"author":[{"embeddable":true,"href":"https:\/\/sv-kutenholz.de\/news\/wp-json\/wp\/v2\/users\/1"}],"replies":[{"embeddable":true,"href":"https:\/\/sv-kutenholz.de\/news\/wp-json\/wp\/v2\/comments?post=13"}],"version-history":[{"count":9,"href":"https:\/\/sv-kutenholz.de\/news\/wp-json\/wp\/v2\/pages\/13\/revisions"}],"predecessor-version":[{"id":1141,"href":"https:\/\/sv-kutenholz.de\/news\/wp-json\/wp\/v2\/pages\/13\/revisions\/1141"}],"wp:attachment":[{"href":"https:\/\/sv-kutenholz.de\/news\/wp-json\/wp\/v2\/media?parent=13"}],"curies":[{"name":"wp","href":"https:\/\/api.w.org\/{rel}","templated":true}]}}